{"id":250101,"date":"2025-04-21T17:06:24","date_gmt":"2025-04-21T22:06:24","guid":{"rendered":"https:\/\/axioneduca.com\/proyectos\/?page_id=250101"},"modified":"2025-04-21T17:24:25","modified_gmt":"2025-04-21T22:24:25","slug":"insertar_usuarios_app_axion","status":"publish","type":"page","link":"https:\/\/axioneduca.com\/proyectos\/insertar_usuarios_app_axion\/","title":{"rendered":"insertar_usuarios_app_axion"},"content":{"rendered":"<p>[et_pb_section fb_built=\u00bb1&#8243; _builder_version=\u00bb4.26.1&#8243; _module_preset=\u00bbdefault\u00bb hover_enabled=\u00bb0&#8243; global_colors_info=\u00bb{}\u00bb custom_padding_last_edited=\u00bbon|phone\u00bb custom_padding_phone=\u00bb0px||||false|false\u00bb sticky_enabled=\u00bb0&#8243;][et_pb_row _builder_version=\u00bb4.26.1&#8243; _module_preset=\u00bbdefault\u00bb hover_enabled=\u00bb0&#8243; global_colors_info=\u00bb{}\u00bb width_last_edited=\u00bbon|phone\u00bb width_phone=\u00bb100%\u00bb max_width_last_edited=\u00bbon|phone\u00bb max_width_phone=\u00bb2560%\u00bb module_alignment=\u00bbcenter\u00bb sticky_enabled=\u00bb0&#8243; custom_padding_last_edited=\u00bbon|phone\u00bb custom_padding_phone=\u00bb0px||||false|false\u00bb custom_margin_last_edited=\u00bbon|phone\u00bb custom_margin_phone=\u00bb0px||||false|false\u00bb][et_pb_column type=\u00bb4_4&#8243; _builder_version=\u00bb4.26.1&#8243; _module_preset=\u00bbdefault\u00bb global_colors_info=\u00bb{}\u00bb][et_pb_code _builder_version=\u00bb4.26.1&#8243; _module_preset=\u00bbdefault\u00bb hover_enabled=\u00bb0&#8243; global_colors_info=\u00bb{}\u00bb sticky_enabled=\u00bb0&#8243;]<\/p>\n<style><!-- [et_pb_line_break_holder] --><!-- [et_pb_line_break_holder] -->  <!-- [et_pb_line_break_holder] -->  .registro-grid {<!-- [et_pb_line_break_holder] -->    display: grid;<!-- [et_pb_line_break_holder] -->    grid-template-columns: 1fr 1fr;<!-- [et_pb_line_break_holder] -->    gap: 2rem;<!-- [et_pb_line_break_holder] -->  }<!-- [et_pb_line_break_holder] -->  <!-- [et_pb_line_break_holder] -->  .card {<!-- [et_pb_line_break_holder] -->    background-color: #fff;<!-- [et_pb_line_break_holder] -->    border-radius: 1rem;<!-- [et_pb_line_break_holder] -->    box-shadow: 0 4px 20px rgba(0, 0, 0, 0.08);<!-- [et_pb_line_break_holder] -->    padding: 2rem;<!-- [et_pb_line_break_holder] -->    display: flex;<!-- [et_pb_line_break_holder] -->    flex-direction: column;<!-- [et_pb_line_break_holder] -->    gap: 1rem;<!-- [et_pb_line_break_holder] -->  }<!-- [et_pb_line_break_holder] -->  <!-- [et_pb_line_break_holder] -->  .card-titulo {<!-- [et_pb_line_break_holder] -->    font-size: 1.5rem;<!-- [et_pb_line_break_holder] -->    font-weight: 600;<!-- [et_pb_line_break_holder] -->    margin-bottom: 1rem;<!-- [et_pb_line_break_holder] -->    color: #1a1a1a;<!-- [et_pb_line_break_holder] -->  }<!-- [et_pb_line_break_holder] -->  <!-- [et_pb_line_break_holder] -->  .input {<!-- [et_pb_line_break_holder] -->    padding: 0.75rem 1rem;<!-- [et_pb_line_break_holder] -->    border: 1px solid #ccc;<!-- [et_pb_line_break_holder] -->    border-radius: 0.5rem;<!-- [et_pb_line_break_holder] -->    font-size: 1rem;<!-- [et_pb_line_break_holder] -->    transition: border-color 0.3s ease;<!-- [et_pb_line_break_holder] -->  }<!-- [et_pb_line_break_holder] -->  <!-- [et_pb_line_break_holder] -->  .input:focus {<!-- [et_pb_line_break_holder] -->    border-color: #3b82f6;<!-- [et_pb_line_break_holder] -->    outline: none;<!-- [et_pb_line_break_holder] -->  }<!-- [et_pb_line_break_holder] -->  <!-- [et_pb_line_break_holder] -->  .btn {<!-- [et_pb_line_break_holder] -->    background-color: #3b82f6;<!-- [et_pb_line_break_holder] -->    color: white;<!-- [et_pb_line_break_holder] -->    padding: 0.75rem;<!-- [et_pb_line_break_holder] -->    font-size: 1rem;<!-- [et_pb_line_break_holder] -->    border: none;<!-- [et_pb_line_break_holder] -->    border-radius: 0.5rem;<!-- [et_pb_line_break_holder] -->    cursor: pointer;<!-- [et_pb_line_break_holder] -->    transition: background-color 0.3s ease;<!-- [et_pb_line_break_holder] -->  }<!-- [et_pb_line_break_holder] -->  <!-- [et_pb_line_break_holder] -->  .btn:hover {<!-- [et_pb_line_break_holder] -->    background-color: #2563eb;<!-- [et_pb_line_break_holder] -->  }<!-- [et_pb_line_break_holder] -->  <!-- [et_pb_line_break_holder] -->  .loader-overlay {<!-- [et_pb_line_break_holder] -->    position: fixed;<!-- [et_pb_line_break_holder] -->    top: 0;<!-- [et_pb_line_break_holder] -->    left: 0;<!-- [et_pb_line_break_holder] -->    right: 0;<!-- [et_pb_line_break_holder] -->    bottom: 0;<!-- [et_pb_line_break_holder] -->    background: rgba(255, 255, 255, 0.9);<!-- [et_pb_line_break_holder] -->    display: none;<!-- [et_pb_line_break_holder] -->    justify-content: center;<!-- [et_pb_line_break_holder] -->    align-items: center;<!-- [et_pb_line_break_holder] -->    flex-direction: column;<!-- [et_pb_line_break_holder] -->    z-index: 9999;<!-- [et_pb_line_break_holder] -->  }<!-- [et_pb_line_break_holder] -->  <!-- [et_pb_line_break_holder] -->  .loader-spinner {<!-- [et_pb_line_break_holder] -->    width: 50px;<!-- [et_pb_line_break_holder] -->    height: 50px;<!-- [et_pb_line_break_holder] -->    border: 6px solid #ccc;<!-- [et_pb_line_break_holder] -->    border-top: 6px solid #3b82f6;<!-- [et_pb_line_break_holder] -->    border-radius: 50%;<!-- [et_pb_line_break_holder] -->    animation: spin 1s linear infinite;<!-- [et_pb_line_break_holder] -->    margin-bottom: 1rem;<!-- [et_pb_line_break_holder] -->  }<!-- [et_pb_line_break_holder] -->  <!-- [et_pb_line_break_holder] -->  @keyframes spin {<!-- [et_pb_line_break_holder] -->    to {<!-- [et_pb_line_break_holder] -->      transform: rotate(360deg);<!-- [et_pb_line_break_holder] -->    }<!-- [et_pb_line_break_holder] -->  }<!-- [et_pb_line_break_holder] -->  <!-- [et_pb_line_break_holder] -->  @media (max-width: 768px) {<!-- [et_pb_line_break_holder] -->    .registro-grid {<!-- [et_pb_line_break_holder] -->      display: block;<!-- [et_pb_line_break_holder] -->    }<!-- [et_pb_line_break_holder] -->    .carga-masiva{<!-- [et_pb_line_break_holder] -->        margin-top: 10px;<!-- [et_pb_line_break_holder] -->    }<!-- [et_pb_line_break_holder] -->  }<!-- [et_pb_line_break_holder] -->  <\/style>\n<p><!-- [et_pb_line_break_holder] --><!DOCTYPE html><!-- [et_pb_line_break_holder] --><html lang=\"es\"><!-- [et_pb_line_break_holder] --><head><!-- [et_pb_line_break_holder] -->  <meta charset=\"UTF-8\" \/><!-- [et_pb_line_break_holder] -->  <meta name=\"viewport\" content=\"width=device-width, initial-scale=1.0\"\/><!-- [et_pb_line_break_holder] -->  <title>Registro de Usuarios<\/title><!-- [et_pb_line_break_holder] -->  <link rel=\"stylesheet\" href=\"styles.css\" \/><!-- [et_pb_line_break_holder] -->  <link href=\"https:\/\/fonts.googleapis.com\/css2?family=Inter:wght@400;600&#038;display=swap\" rel=\"stylesheet\"><!-- [et_pb_line_break_holder] --><\/head><!-- [et_pb_line_break_holder] --><body><!-- [et_pb_line_break_holder] -->  <main class=\"container\"><!-- [et_pb_line_break_holder] --><!-- [et_pb_line_break_holder] -->    <!-- Contenedor para formulario y carga --><!-- [et_pb_line_break_holder] -->    <\/p>\n<section class=\"registro-grid\"><!-- [et_pb_line_break_holder] --><!-- [et_pb_line_break_holder] -->      <!-- Formulario Manual --><!-- [et_pb_line_break_holder] -->      <\/p>\n<form id=\"form-manual\" class=\"card formulario-manual\"><!-- [et_pb_line_break_holder] -->        <\/p>\n<h2 class=\"card-titulo\">Registro Manual<\/h2>\n<p><!-- [et_pb_line_break_holder] -->        <input type=\"text\" class=\"input\" placeholder=\"Nombre\" name=\"nombre\" \/><!-- [et_pb_line_break_holder] -->        <input type=\"text\" class=\"input\" placeholder=\"Apellido\" name=\"apellido\" \/><!-- [et_pb_line_break_holder] -->        <input type=\"text\" class=\"input\" placeholder=\"Usuario\" name=\"usuario\"  \/><!-- [et_pb_line_break_holder] -->        <input type=\"text\" class=\"input\" placeholder=\"Email\" name=\"email\" required \/><!-- [et_pb_line_break_holder] -->        <input type=\"password\" class=\"input\" placeholder=\"Contrase\u00f1a\" name=\"contrase\u00f1a\" required \/><!-- [et_pb_line_break_holder] -->        <input type=\"text\" class=\"input\" placeholder=\"Celular\" name=\"celular\" \/><!-- [et_pb_line_break_holder] -->        <button type=\"submit\" class=\"btn\">Registrar Manualmente<\/button><!-- [et_pb_line_break_holder] -->      <\/form>\n<p><!-- [et_pb_line_break_holder] --><!-- [et_pb_line_break_holder] -->      <!-- Registro Masivo --><!-- [et_pb_line_break_holder] -->      <\/p>\n<div class=\"card carga-masiva\"><!-- [et_pb_line_break_holder] -->        <\/p>\n<h2 class=\"card-titulo\">Registro Masivo (Excel)<\/h2>\n<p><!-- [et_pb_line_break_holder] -->        <input type=\"file\" id=\"excel-file\" class=\"input archivo\" accept=\".xlsx\" \/><!-- [et_pb_line_break_holder] -->        <button onclick=\"cargarExcel()\" class=\"btn\">Subir Excel<\/button><!-- [et_pb_line_break_holder] -->      <\/div>\n<p><!-- [et_pb_line_break_holder] --><!-- [et_pb_line_break_holder] -->    <\/section>\n<p><!-- [et_pb_line_break_holder] -->  <\/main><!-- [et_pb_line_break_holder] --><!-- [et_pb_line_break_holder] -->  <!-- Pantalla de carga --><!-- [et_pb_line_break_holder] -->  <\/p>\n<div id=\"loader\" class=\"loader-overlay\"><!-- [et_pb_line_break_holder] -->    <\/p>\n<div class=\"loader-spinner\"><\/div>\n<p><!-- [et_pb_line_break_holder] -->    <pee>Subiendo datos, por favor espera&#8230;<\/pee><!-- [et_pb_line_break_holder] -->  <\/div>\n<p><!-- [et_pb_line_break_holder] --><!-- [et_pb_line_break_holder] -->  <!-- Librer\u00edas --><!-- [et_pb_line_break_holder] -->  <script src=\"https:\/\/cdn.sheetjs.com\/xlsx-latest\/package\/dist\/xlsx.full.min.js\"><\/script><!-- [et_pb_line_break_holder] -->  <script src=\"https:\/\/cdn.jsdelivr.net\/npm\/papaparse@5.4.1\/papaparse.min.js\"><\/script><!-- [et_pb_line_break_holder] -->  <script src=\"script.js\"><\/script><!-- [et_pb_line_break_holder] --><\/body><!-- [et_pb_line_break_holder] --><\/html><!-- [et_pb_line_break_holder] --><script><!-- [et_pb_line_break_holder] -->  const API_URL = \"https:\/\/api.axioneduca.com\/apii\/usuarios\/register\";<!-- [et_pb_line_break_holder] --><!-- [et_pb_line_break_holder] -->\/\/ REGISTRO MANUAL<!-- [et_pb_line_break_holder] -->document.getElementById(\"form-manual\").addEventListener(\"submit\", async (e) => {<!-- [et_pb_line_break_holder] -->    e.preventDefault();<!-- [et_pb_line_break_holder] -->  <!-- [et_pb_line_break_holder] -->    const formData = new FormData(e.target);<!-- [et_pb_line_break_holder] -->    const datos = Object.fromEntries(formData.entries());<!-- [et_pb_line_break_holder] -->  <!-- [et_pb_line_break_holder] -->    mostrarLoader(); \/\/ \ud83d\udc48 Mostrar la pantalla de carga<!-- [et_pb_line_break_holder] -->  <!-- [et_pb_line_break_holder] -->    try {<!-- [et_pb_line_break_holder] -->      const res = await fetch(API_URL, {<!-- [et_pb_line_break_holder] -->        method: \"POST\",<!-- [et_pb_line_break_holder] -->        headers: { \"Content-Type\": \"application\/json\" },<!-- [et_pb_line_break_holder] -->        body: JSON.stringify(datos)<!-- [et_pb_line_break_holder] -->      });<!-- [et_pb_line_break_holder] -->  <!-- [et_pb_line_break_holder] -->      const result = await res.json();<!-- [et_pb_line_break_holder] -->      alert(result.message || \"Registro exitoso\");<!-- [et_pb_line_break_holder] -->      e.target.reset(); \/\/ \ud83d\udc48 Limpiar el formulario si todo fue bien<!-- [et_pb_line_break_holder] -->    } catch (error) {<!-- [et_pb_line_break_holder] -->      console.error(\"\u274c Error:\", error);<!-- [et_pb_line_break_holder] -->      alert(\"Error al registrar usuario\");<!-- [et_pb_line_break_holder] -->    } finally {<!-- [et_pb_line_break_holder] -->      ocultarLoader(); \/\/ \ud83d\udc48 Siempre ocultar la pantalla de carga<!-- [et_pb_line_break_holder] -->    }<!-- [et_pb_line_break_holder] -->  });<!-- [et_pb_line_break_holder] -->  <!-- [et_pb_line_break_holder] -->  function cargarExcel() {<!-- [et_pb_line_break_holder] -->    const archivo = document.getElementById(\"excel-file\").files[0];<!-- [et_pb_line_break_holder] -->    if (!archivo) return alert(\"Selecciona un archivo Excel\");<!-- [et_pb_line_break_holder] -->  <!-- [et_pb_line_break_holder] -->    mostrarLoader(); \/\/ \ud83d\udc48 Mostrar pantalla de carga<!-- [et_pb_line_break_holder] -->  <!-- [et_pb_line_break_holder] -->    const lector = new FileReader();<!-- [et_pb_line_break_holder] -->    lector.onload = async function (e) {<!-- [et_pb_line_break_holder] -->      try {<!-- [et_pb_line_break_holder] -->        const data = new Uint8Array(e.target.result);<!-- [et_pb_line_break_holder] -->        const workbook = XLSX.read(data, { type: \"array\" });<!-- [et_pb_line_break_holder] -->        const hoja = workbook.Sheets[workbook.SheetNames[0]];<!-- [et_pb_line_break_holder] -->        const datos = XLSX.utils.sheet_to_json(hoja, { defval: \"\" });<!-- [et_pb_line_break_holder] -->  <!-- [et_pb_line_break_holder] -->        for (const fila of datos) {<!-- [et_pb_line_break_holder] -->          try {<!-- [et_pb_line_break_holder] -->            const res = await fetch(API_URL, {<!-- [et_pb_line_break_holder] -->              method: \"POST\",<!-- [et_pb_line_break_holder] -->              headers: { \"Content-Type\": \"application\/json\" },<!-- [et_pb_line_break_holder] -->              body: JSON.stringify(fila)<!-- [et_pb_line_break_holder] -->            });<!-- [et_pb_line_break_holder] -->            const result = await res.json();<!-- [et_pb_line_break_holder] -->            console.log(\"\u2705\", fila.usuario, result.message);<!-- [et_pb_line_break_holder] -->          } catch (err) {<!-- [et_pb_line_break_holder] -->            console.error(\"\u274c Error con:\", fila.usuario, err);<!-- [et_pb_line_break_holder] -->          }<!-- [et_pb_line_break_holder] -->        }<!-- [et_pb_line_break_holder] -->  <!-- [et_pb_line_break_holder] -->        alert(\"Carga de Excel completa.\");<!-- [et_pb_line_break_holder] -->      } catch (error) {<!-- [et_pb_line_break_holder] -->        console.error(\"\u274c Error al leer el archivo Excel:\", error);<!-- [et_pb_line_break_holder] -->        alert(\"Error al procesar el archivo Excel.\");<!-- [et_pb_line_break_holder] -->      } finally {<!-- [et_pb_line_break_holder] -->        ocultarLoader(); \/\/ \ud83d\udc48 Siempre ocultar el loader al terminar<!-- [et_pb_line_break_holder] -->      }<!-- [et_pb_line_break_holder] -->    };<!-- [et_pb_line_break_holder] -->  <!-- [et_pb_line_break_holder] -->    lector.readAsArrayBuffer(archivo);<!-- [et_pb_line_break_holder] -->  }<!-- [et_pb_line_break_holder] -->  <!-- [et_pb_line_break_holder] -->  <!-- [et_pb_line_break_holder] -->  function mostrarLoader() {<!-- [et_pb_line_break_holder] -->    document.getElementById(\"loader\").style.display = \"flex\";<!-- [et_pb_line_break_holder] -->  }<!-- [et_pb_line_break_holder] -->  <!-- [et_pb_line_break_holder] -->  function ocultarLoader() {<!-- [et_pb_line_break_holder] -->    document.getElementById(\"loader\").style.display = \"none\";<!-- [et_pb_line_break_holder] -->  }<!-- [et_pb_line_break_holder] -->  <!-- [et_pb_line_break_holder] --><\/script>[\/et_pb_code][\/et_pb_column][\/et_pb_row][\/et_pb_section]<\/p>\n","protected":false},"excerpt":{"rendered":"","protected":false},"author":1,"featured_media":0,"parent":0,"menu_order":0,"comment_status":"closed","ping_status":"closed","template":"","meta":{"_et_pb_use_builder":"on","_et_pb_old_content":"<!-- wp:divi\/placeholder \/-->","_et_gb_content_width":"","om_disable_all_campaigns":false,"_monsterinsights_skip_tracking":false,"_monsterinsights_sitenote_active":false,"_monsterinsights_sitenote_note":"","_monsterinsights_sitenote_category":0,"_uf_show_specific_survey":0,"_uf_disable_surveys":false,"_joinchat":[],"footnotes":""},"class_list":["post-250101","page","type-page","status-publish","hentry"],"aioseo_notices":[],"yoast_head":"<!-- This site is optimized with the Yoast SEO plugin v25.8 - https:\/\/yoast.com\/wordpress\/plugins\/seo\/ -->\n<title>insertar_usuarios_app_axion - AXION<\/title>\n<meta name=\"robots\" content=\"index, follow, max-snippet:-1, max-image-preview:large, max-video-preview:-1\" \/>\n<link rel=\"canonical\" href=\"https:\/\/axioneduca.com\/proyectos\/insertar_usuarios_app_axion\/\" \/>\n<meta property=\"og:locale\" content=\"es_ES\" \/>\n<meta property=\"og:type\" content=\"article\" \/>\n<meta property=\"og:title\" content=\"insertar_usuarios_app_axion - AXION\" \/>\n<meta property=\"og:url\" content=\"https:\/\/axioneduca.com\/proyectos\/insertar_usuarios_app_axion\/\" \/>\n<meta property=\"og:site_name\" content=\"AXION\" \/>\n<meta property=\"article:modified_time\" content=\"2025-04-21T22:24:25+00:00\" \/>\n<meta name=\"twitter:card\" content=\"summary_large_image\" \/>\n<script type=\"application\/ld+json\" class=\"yoast-schema-graph\">{\"@context\":\"https:\/\/schema.org\",\"@graph\":[{\"@type\":\"WebPage\",\"@id\":\"https:\/\/axioneduca.com\/proyectos\/insertar_usuarios_app_axion\/\",\"url\":\"https:\/\/axioneduca.com\/proyectos\/insertar_usuarios_app_axion\/\",\"name\":\"insertar_usuarios_app_axion - AXION\",\"isPartOf\":{\"@id\":\"https:\/\/axioneduca.com\/proyectos\/#website\"},\"datePublished\":\"2025-04-21T22:06:24+00:00\",\"dateModified\":\"2025-04-21T22:24:25+00:00\",\"breadcrumb\":{\"@id\":\"https:\/\/axioneduca.com\/proyectos\/insertar_usuarios_app_axion\/#breadcrumb\"},\"inLanguage\":\"es\",\"potentialAction\":[{\"@type\":\"ReadAction\",\"target\":[\"https:\/\/axioneduca.com\/proyectos\/insertar_usuarios_app_axion\/\"]}]},{\"@type\":\"BreadcrumbList\",\"@id\":\"https:\/\/axioneduca.com\/proyectos\/insertar_usuarios_app_axion\/#breadcrumb\",\"itemListElement\":[{\"@type\":\"ListItem\",\"position\":1,\"name\":\"Portada\",\"item\":\"https:\/\/axioneduca.com\/proyectos\/\"},{\"@type\":\"ListItem\",\"position\":2,\"name\":\"insertar_usuarios_app_axion\"}]},{\"@type\":\"WebSite\",\"@id\":\"https:\/\/axioneduca.com\/proyectos\/#website\",\"url\":\"https:\/\/axioneduca.com\/proyectos\/\",\"name\":\"AXION\",\"description\":\"Internet especializado empresarial que garantiza simetr\u00eda, todos los servicios con acceso al NAP Per\u00fa, con caracter\u00edsticas de seguridad mejorada, almacenamiento...\",\"potentialAction\":[{\"@type\":\"SearchAction\",\"target\":{\"@type\":\"EntryPoint\",\"urlTemplate\":\"https:\/\/axioneduca.com\/proyectos\/?s={search_term_string}\"},\"query-input\":{\"@type\":\"PropertyValueSpecification\",\"valueRequired\":true,\"valueName\":\"search_term_string\"}}],\"inLanguage\":\"es\"}]}<\/script>\n<!-- \/ Yoast SEO plugin. -->","yoast_head_json":{"title":"insertar_usuarios_app_axion - AXION","robots":{"index":"index","follow":"follow","max-snippet":"max-snippet:-1","max-image-preview":"max-image-preview:large","max-video-preview":"max-video-preview:-1"},"canonical":"https:\/\/axioneduca.com\/proyectos\/insertar_usuarios_app_axion\/","og_locale":"es_ES","og_type":"article","og_title":"insertar_usuarios_app_axion - AXION","og_url":"https:\/\/axioneduca.com\/proyectos\/insertar_usuarios_app_axion\/","og_site_name":"AXION","article_modified_time":"2025-04-21T22:24:25+00:00","twitter_card":"summary_large_image","schema":{"@context":"https:\/\/schema.org","@graph":[{"@type":"WebPage","@id":"https:\/\/axioneduca.com\/proyectos\/insertar_usuarios_app_axion\/","url":"https:\/\/axioneduca.com\/proyectos\/insertar_usuarios_app_axion\/","name":"insertar_usuarios_app_axion - AXION","isPartOf":{"@id":"https:\/\/axioneduca.com\/proyectos\/#website"},"datePublished":"2025-04-21T22:06:24+00:00","dateModified":"2025-04-21T22:24:25+00:00","breadcrumb":{"@id":"https:\/\/axioneduca.com\/proyectos\/insertar_usuarios_app_axion\/#breadcrumb"},"inLanguage":"es","potentialAction":[{"@type":"ReadAction","target":["https:\/\/axioneduca.com\/proyectos\/insertar_usuarios_app_axion\/"]}]},{"@type":"BreadcrumbList","@id":"https:\/\/axioneduca.com\/proyectos\/insertar_usuarios_app_axion\/#breadcrumb","itemListElement":[{"@type":"ListItem","position":1,"name":"Portada","item":"https:\/\/axioneduca.com\/proyectos\/"},{"@type":"ListItem","position":2,"name":"insertar_usuarios_app_axion"}]},{"@type":"WebSite","@id":"https:\/\/axioneduca.com\/proyectos\/#website","url":"https:\/\/axioneduca.com\/proyectos\/","name":"AXION","description":"Internet especializado empresarial que garantiza simetr\u00eda, todos los servicios con acceso al NAP Per\u00fa, con caracter\u00edsticas de seguridad mejorada, almacenamiento...","potentialAction":[{"@type":"SearchAction","target":{"@type":"EntryPoint","urlTemplate":"https:\/\/axioneduca.com\/proyectos\/?s={search_term_string}"},"query-input":{"@type":"PropertyValueSpecification","valueRequired":true,"valueName":"search_term_string"}}],"inLanguage":"es"}]}},"_links":{"self":[{"href":"https:\/\/axioneduca.com\/proyectos\/wp-json\/wp\/v2\/pages\/250101","targetHints":{"allow":["GET"]}}],"collection":[{"href":"https:\/\/axioneduca.com\/proyectos\/wp-json\/wp\/v2\/pages"}],"about":[{"href":"https:\/\/axioneduca.com\/proyectos\/wp-json\/wp\/v2\/types\/page"}],"author":[{"embeddable":true,"href":"https:\/\/axioneduca.com\/proyectos\/wp-json\/wp\/v2\/users\/1"}],"replies":[{"embeddable":true,"href":"https:\/\/axioneduca.com\/proyectos\/wp-json\/wp\/v2\/comments?post=250101"}],"version-history":[{"count":9,"href":"https:\/\/axioneduca.com\/proyectos\/wp-json\/wp\/v2\/pages\/250101\/revisions"}],"predecessor-version":[{"id":250111,"href":"https:\/\/axioneduca.com\/proyectos\/wp-json\/wp\/v2\/pages\/250101\/revisions\/250111"}],"wp:attachment":[{"href":"https:\/\/axioneduca.com\/proyectos\/wp-json\/wp\/v2\/media?parent=250101"}],"curies":[{"name":"wp","href":"https:\/\/api.w.org\/{rel}","templated":true}]}}