{"id":246950,"date":"2024-06-05T14:24:31","date_gmt":"2024-06-05T14:24:31","guid":{"rendered":"https:\/\/axioneduca.com\/?page_id=246950"},"modified":"2024-06-05T14:24:33","modified_gmt":"2024-06-05T14:24:33","slug":"planta-interna","status":"publish","type":"page","link":"https:\/\/axioneduca.com\/proyectos\/planta-interna\/","title":{"rendered":"PLANTA INTERNA"},"content":{"rendered":"","protected":false},"excerpt":{"rendered":"","protected":false},"author":1,"featured_media":0,"parent":0,"menu_order":0,"comment_status":"closed","ping_status":"closed","template":"","meta":{"_et_pb_use_builder":"","_et_pb_old_content":"","_et_gb_content_width":"","om_disable_all_campaigns":false,"_monsterinsights_skip_tracking":false,"_monsterinsights_sitenote_active":false,"_monsterinsights_sitenote_note":"","_monsterinsights_sitenote_category":0,"_uf_show_specific_survey":0,"_uf_disable_surveys":false,"_joinchat":[],"footnotes":""},"class_list":["post-246950","page","type-page","status-publish","hentry"],"aioseo_notices":[],"yoast_head":"<!-- This site is optimized with the Yoast SEO plugin v25.8 - https:\/\/yoast.com\/wordpress\/plugins\/seo\/ -->\n<title>PLANTA INTERNA - AXION<\/title>\n<meta name=\"robots\" content=\"index, follow, max-snippet:-1, max-image-preview:large, max-video-preview:-1\" \/>\n<link rel=\"canonical\" href=\"https:\/\/axioneduca.com\/proyectos\/planta-interna\/\" \/>\n<meta property=\"og:locale\" content=\"es_ES\" \/>\n<meta property=\"og:type\" content=\"article\" \/>\n<meta property=\"og:title\" content=\"PLANTA INTERNA - AXION\" \/>\n<meta property=\"og:url\" content=\"https:\/\/axioneduca.com\/proyectos\/planta-interna\/\" \/>\n<meta property=\"og:site_name\" content=\"AXION\" \/>\n<meta property=\"article:modified_time\" content=\"2024-06-05T14:24:33+00:00\" \/>\n<meta name=\"twitter:card\" content=\"summary_large_image\" \/>\n<script type=\"application\/ld+json\" class=\"yoast-schema-graph\">{\"@context\":\"https:\/\/schema.org\",\"@graph\":[{\"@type\":\"WebPage\",\"@id\":\"https:\/\/axioneduca.com\/proyectos\/planta-interna\/\",\"url\":\"https:\/\/axioneduca.com\/proyectos\/planta-interna\/\",\"name\":\"PLANTA INTERNA - AXION\",\"isPartOf\":{\"@id\":\"https:\/\/axioneduca.com\/proyectos\/#website\"},\"datePublished\":\"2024-06-05T14:24:31+00:00\",\"dateModified\":\"2024-06-05T14:24:33+00:00\",\"breadcrumb\":{\"@id\":\"https:\/\/axioneduca.com\/proyectos\/planta-interna\/#breadcrumb\"},\"inLanguage\":\"es\",\"potentialAction\":[{\"@type\":\"ReadAction\",\"target\":[\"https:\/\/axioneduca.com\/proyectos\/planta-interna\/\"]}]},{\"@type\":\"BreadcrumbList\",\"@id\":\"https:\/\/axioneduca.com\/proyectos\/planta-interna\/#breadcrumb\",\"itemListElement\":[{\"@type\":\"ListItem\",\"position\":1,\"name\":\"Portada\",\"item\":\"https:\/\/axioneduca.com\/proyectos\/\"},{\"@type\":\"ListItem\",\"position\":2,\"name\":\"PLANTA INTERNA\"}]},{\"@type\":\"WebSite\",\"@id\":\"https:\/\/axioneduca.com\/proyectos\/#website\",\"url\":\"https:\/\/axioneduca.com\/proyectos\/\",\"name\":\"AXION\",\"description\":\"Internet especializado empresarial que garantiza simetr\u00eda, todos los servicios con acceso al NAP Per\u00fa, con caracter\u00edsticas de seguridad mejorada, almacenamiento...\",\"potentialAction\":[{\"@type\":\"SearchAction\",\"target\":{\"@type\":\"EntryPoint\",\"urlTemplate\":\"https:\/\/axioneduca.com\/proyectos\/?s={search_term_string}\"},\"query-input\":{\"@type\":\"PropertyValueSpecification\",\"valueRequired\":true,\"valueName\":\"search_term_string\"}}],\"inLanguage\":\"es\"}]}<\/script>\n<!-- \/ Yoast SEO plugin. -->","yoast_head_json":{"title":"PLANTA INTERNA - AXION","robots":{"index":"index","follow":"follow","max-snippet":"max-snippet:-1","max-image-preview":"max-image-preview:large","max-video-preview":"max-video-preview:-1"},"canonical":"https:\/\/axioneduca.com\/proyectos\/planta-interna\/","og_locale":"es_ES","og_type":"article","og_title":"PLANTA INTERNA - AXION","og_url":"https:\/\/axioneduca.com\/proyectos\/planta-interna\/","og_site_name":"AXION","article_modified_time":"2024-06-05T14:24:33+00:00","twitter_card":"summary_large_image","schema":{"@context":"https:\/\/schema.org","@graph":[{"@type":"WebPage","@id":"https:\/\/axioneduca.com\/proyectos\/planta-interna\/","url":"https:\/\/axioneduca.com\/proyectos\/planta-interna\/","name":"PLANTA INTERNA - AXION","isPartOf":{"@id":"https:\/\/axioneduca.com\/proyectos\/#website"},"datePublished":"2024-06-05T14:24:31+00:00","dateModified":"2024-06-05T14:24:33+00:00","breadcrumb":{"@id":"https:\/\/axioneduca.com\/proyectos\/planta-interna\/#breadcrumb"},"inLanguage":"es","potentialAction":[{"@type":"ReadAction","target":["https:\/\/axioneduca.com\/proyectos\/planta-interna\/"]}]},{"@type":"BreadcrumbList","@id":"https:\/\/axioneduca.com\/proyectos\/planta-interna\/#breadcrumb","itemListElement":[{"@type":"ListItem","position":1,"name":"Portada","item":"https:\/\/axioneduca.com\/proyectos\/"},{"@type":"ListItem","position":2,"name":"PLANTA INTERNA"}]},{"@type":"WebSite","@id":"https:\/\/axioneduca.com\/proyectos\/#website","url":"https:\/\/axioneduca.com\/proyectos\/","name":"AXION","description":"Internet especializado empresarial que garantiza simetr\u00eda, todos los servicios con acceso al NAP Per\u00fa, con caracter\u00edsticas de seguridad mejorada, almacenamiento...","potentialAction":[{"@type":"SearchAction","target":{"@type":"EntryPoint","urlTemplate":"https:\/\/axioneduca.com\/proyectos\/?s={search_term_string}"},"query-input":{"@type":"PropertyValueSpecification","valueRequired":true,"valueName":"search_term_string"}}],"inLanguage":"es"}]}},"_links":{"self":[{"href":"https:\/\/axioneduca.com\/proyectos\/wp-json\/wp\/v2\/pages\/246950","targetHints":{"allow":["GET"]}}],"collection":[{"href":"https:\/\/axioneduca.com\/proyectos\/wp-json\/wp\/v2\/pages"}],"about":[{"href":"https:\/\/axioneduca.com\/proyectos\/wp-json\/wp\/v2\/types\/page"}],"author":[{"embeddable":true,"href":"https:\/\/axioneduca.com\/proyectos\/wp-json\/wp\/v2\/users\/1"}],"replies":[{"embeddable":true,"href":"https:\/\/axioneduca.com\/proyectos\/wp-json\/wp\/v2\/comments?post=246950"}],"version-history":[{"count":1,"href":"https:\/\/axioneduca.com\/proyectos\/wp-json\/wp\/v2\/pages\/246950\/revisions"}],"predecessor-version":[{"id":246951,"href":"https:\/\/axioneduca.com\/proyectos\/wp-json\/wp\/v2\/pages\/246950\/revisions\/246951"}],"wp:attachment":[{"href":"https:\/\/axioneduca.com\/proyectos\/wp-json\/wp\/v2\/media?parent=246950"}],"curies":[{"name":"wp","href":"https:\/\/api.w.org\/{rel}","templated":true}]}}